{"id":11879,"date":"2019-05-09T11:55:05","date_gmt":"2019-05-09T09:55:05","guid":{"rendered":"http:\/\/velo.ius.lviv.ua\/?page_id=11879"},"modified":"2019-09-08T21:35:14","modified_gmt":"2019-09-08T19:35:14","slug":"for-participants","status":"publish","type":"page","link":"https:\/\/velo.ius.lviv.ua\/de\/for-participants\/","title":{"rendered":"Teilnehmende"},"content":{"rendered":"<p><\/p>\n<h1 style=\"text-align: center;\">Teilnehmende<\/h1>\n<h1 style=\"text-align: center;\"><span style=\"font-family: Verdana, Geneva; color: #333333; font-size: 24pt;\">Mitmachen<\/span><\/h1>\n<p style=\"text-align: center;\"><span style=\"font-family: Verdana, Geneva;\"><strong>Die Anmeldung erfolgt auf der Homepage des Vereins Jugendhilfe und Sozialarbeit e.V. Hier geht es zum Anmeldeformular<\/strong><\/span><\/p>\n<p style=\"text-align: center;\"><span style=\"font-family: Verdana, Geneva;\">[maxbutton id=&#8220;1&#8243; url=&#8220;http:\/\/www.jusev.de\/internationales-ausserschulische-bildung\/begegnungen-seminare-trainings\/anmeldeformular-velomarathon-2&#8243; text=&#8220; Mitmachen&#8220; ]<\/span><\/p>\n<hr \/>\n<h2 class=\"text-left dark-text\" style=\"font-family: Montserrat, sans-serif; font-size: 38px; line-height: 3.125rem; color: #3d3d3d; margin-top: 10px; margin-bottom: 15px; text-align: center;\"><span style=\"font-family: Verdana, Geneva; color: #333333; font-size: 24pt;\">Wir suchen<\/span><\/h2>\n<p style=\"text-align: center;\"><strong><span style=\"font-family: Verdana, Geneva; color: #333333;\">8 Teilnehmende mit Wohnsitz in Deutschland, davon 4 junge Menschen, die blind oder sehbeeintr\u00e4chtigt sind, und 4 junge Erwachsene ohne Sehbeeintr\u00e4chtigung<\/span><\/strong><\/p>\n<p style=\"text-align: left;\"><span style=\"font-family: Verdana, Geneva; color: #333333;\"><img loading=\"lazy\" decoding=\"async\" class=\"alignleft wp-image-12136\" src=\"http:\/\/velo.ius.lviv.ua\/wp-content\/uploads\/sites\/2\/2019\/05\/EC3A7793.jpg\" alt=\" Ein Mann und eine Frau stehen vor einem Tandem-Fahrrad an einer Stra\u00dfe. Die Frau lehnt sich gegen den Mann. Der Mann h\u00e4lt ein Mobiltelefon in seiner Hand.\" width=\"398\" height=\"265\" \/><\/span><\/p>\n<h3 class=\"text-left dark-text\" style=\"font-family: Montserrat, sans-serif; font-size: 38px; line-height: 3.125rem; color: #3d3d3d; margin-top: 10px; margin-bottom: 15px; padding-left: 60px; text-align: left;\"><span style=\"font-family: Verdana, Geneva; color: #333333; font-size: 18pt;\">Voraussetzungen f\u00fcr die Teilnahme<\/span><\/h3>\n<ul>\n<li><span style=\"font-family: Verdana, Geneva;\">Alter: 18 \u2013 25\u00a0\u00a0<\/span><\/li>\n<li><span style=\"font-family: Verdana, Geneva;\">Wohnsitz in Deutschland (unabh\u00e4ngig von der Nationalit\u00e4t)\u00a0<\/span><\/li>\n<li><span style=\"font-family: Verdana, Geneva;\">G\u00fcltiger Reisepass (EU-B\u00fcrger*innen ben\u00f6tigen kein Visum)\u00a0<\/span><\/li>\n<li><span style=\"font-family: Verdana, Geneva;\">Auslandsreise-Krankenversicherung<\/span><\/li>\n<\/ul>\n<hr \/>\n<h2 class=\"text-left dark-text\" style=\"font-family: Montserrat, sans-serif; font-size: 38px; line-height: 3.125rem; color: #3d3d3d; margin-top: 10px; margin-bottom: 15px; padding-left: 30px; text-align: center;\"><span style=\"font-family: Verdana, Geneva;\"><strong><span style=\"color: #333333; font-size: 18pt;\">Hilfreich sind au\u00dferdem<\/span><\/strong><\/span><\/h2>\n<h2 class=\"text-left dark-text\" style=\"font-family: Montserrat, sans-serif; font-size: 38px; line-height: 3.125rem; color: #3d3d3d; margin-top: 10px; margin-bottom: 15px; padding-left: 30px; text-align: left;\"><span style=\"font-family: Verdana, Geneva;\"><span style=\"font-size: 18pt;\"><span style=\"color: #333333;\"><img loading=\"lazy\" decoding=\"async\" class=\"wp-image-11742 alignright\" src=\"http:\/\/velo.ius.lviv.ua\/wp-content\/uploads\/sites\/2\/2018\/07\/21167625_1369945306456202_6459868431430350297_o.jpg\" alt=\"\" width=\"401\" height=\"267\" \/><\/span><\/span><\/span><\/h2>\n<ul>\n<li><span style=\"font-family: Verdana, Geneva;\">Spa\u00df am Fahrradfahren und k\u00f6rperliche Fitness <\/span><\/li>\n<li><span style=\"font-family: Verdana, Geneva;\">Grundkenntnisse der englischen Sprache<\/span><\/li>\n<li><span style=\"font-family: Verdana, Geneva;\">Teamf\u00e4higkeit und aktive Teilnahme an den Gruppenaktivit\u00e4ten<\/span><\/li>\n<li><span style=\"font-family: Verdana, Geneva;\">Offene Haltung gegen\u00fcber anderen Kulturen<\/span><\/li>\n<\/ul>\n<p><span style=\"font-family: Verdana, Geneva;\"><strong>Hinweis:<\/strong> Vorrangig sind wir auf der Suche nach Bewerber*innen, die im gesamten Zeitraum teilnehmen. Dar\u00fcber hinaus ist es auch m\u00f6glich sich f\u00fcr einzelne Etappen zu bewerben.\u00a0<\/span><\/p>\n<hr \/>\n<h2 class=\"text-left dark-text\" style=\"font-family: Montserrat, sans-serif; font-size: 38px; line-height: 3.125rem; color: #3d3d3d; margin-top: 10px; margin-bottom: 15px; padding-left: 30px; text-align: center;\"><span style=\"font-family: Verdana, Geneva; color: #333333; font-size: 24pt;\">\u00a0Die Eigenbeteiligung f\u00fcr Teilnehmende aus Deutschland betr\u00e4gt <\/span><\/h2>\n<h2 class=\"text-left dark-text\" style=\"font-family: Montserrat, sans-serif; font-size: 38px; line-height: 3.125rem; color: #3d3d3d; margin-top: 10px; margin-bottom: 15px; padding-left: 30px; text-align: center;\"><span style=\"font-family: Verdana, Geneva; color: #333333; font-size: 24pt;\">100,- Euro\u00a0\u20ac<\/span><\/h2>\n<p><span style=\"font-family: Verdana, Geneva;\">Die Kosten f\u00fcr die An- und Abreise (bis zu einer H\u00f6chstgrenze), die Unterkunfts- und Verpflegungskosten sowie Kosten f\u00fcr gemeinsame Gruppenaktivit\u00e4ten werden von uns \u00fcbernommen. Wir \u00fcbernachten in Jugendherbergen und einfachen Gruppenh\u00e4usern.<\/span><\/p>\n<p>&nbsp;<\/p>\n<p style=\"text-align: center;\"><span style=\"font-family: Verdana, Geneva;\">[maxbutton id=&#8220;1&#8243; url=&#8220;http:\/\/drive.google.com\/file\/d\/11U1DaN3gQ1jjvRj_BUdtPsZwXzdZLELf\/view?usp=sharing&#8220; text=&#8220;Download PDF about Terms&#8220; ]<\/span><\/p>\n<p><\/p>","protected":false},"excerpt":{"rendered":"<p>Teilnehmende Mitmachen Die Anmeldung erfolgt auf der Homepage des Vereins Jugendhilfe und Sozialarbeit e.V. Hier geht es zum Anmeldeformular [maxbutton id=&#8220;1&#8243; url=&#8220;http:\/\/www.jusev.de\/internationales-ausserschulische-bildung\/begegnungen-seminare-trainings\/anmeldeformular-velomarathon-2&#8243; text=&#8220; Mitmachen&#8220; ] Wir suchen 8 Teilnehmende mit Wohnsitz in Deutschland, davon 4 junge Menschen, die blind oder sehbeeintr\u00e4chtigt sind, und 4 junge Erwachsene ohne Sehbeeintr\u00e4chtigung Voraussetzungen f\u00fcr die Teilnahme Alter: 18 \u2013<span class=\"read-more-wrap\"><a class=\"moretag\" href=\"https:\/\/velo.ius.lviv.ua\/de\/for-participants\/\">Continue Reading <span class=\"screen-reader-text\">Teilnehmende<\/span><\/a><\/span><\/p>\n","protected":false},"author":34,"featured_media":0,"parent":0,"menu_order":0,"comment_status":"closed","ping_status":"closed","template":"template-fullwidth-no-title.php","meta":{"_bbp_topic_count":0,"_bbp_reply_count":0,"_bbp_total_topic_count":0,"_bbp_total_reply_count":0,"_bbp_voice_count":0,"_bbp_anonymous_reply_count":0,"_bbp_topic_count_hidden":0,"_bbp_reply_count_hidden":0,"_bbp_forum_subforum_count":0,"footnotes":""},"class_list":["post-11879","page","type-page","status-publish","hentry"],"_links":{"self":[{"href":"https:\/\/velo.ius.lviv.ua\/de\/wp-json\/wp\/v2\/pages\/11879","targetHints":{"allow":["GET"]}}],"collection":[{"href":"https:\/\/velo.ius.lviv.ua\/de\/wp-json\/wp\/v2\/pages"}],"about":[{"href":"https:\/\/velo.ius.lviv.ua\/de\/wp-json\/wp\/v2\/types\/page"}],"author":[{"embeddable":true,"href":"https:\/\/velo.ius.lviv.ua\/de\/wp-json\/wp\/v2\/users\/34"}],"replies":[{"embeddable":true,"href":"https:\/\/velo.ius.lviv.ua\/de\/wp-json\/wp\/v2\/comments?post=11879"}],"version-history":[{"count":62,"href":"https:\/\/velo.ius.lviv.ua\/de\/wp-json\/wp\/v2\/pages\/11879\/revisions"}],"predecessor-version":[{"id":13362,"href":"https:\/\/velo.ius.lviv.ua\/de\/wp-json\/wp\/v2\/pages\/11879\/revisions\/13362"}],"wp:attachment":[{"href":"https:\/\/velo.ius.lviv.ua\/de\/wp-json\/wp\/v2\/media?parent=11879"}],"curies":[{"name":"wp","href":"https:\/\/api.w.org\/{rel}","templated":true}]}}