{"id":11936,"date":"2019-05-09T14:51:27","date_gmt":"2019-05-09T12:51:27","guid":{"rendered":"http:\/\/velo.ius.lviv.ua\/?page_id=11936"},"modified":"2019-09-08T21:36:33","modified_gmt":"2019-09-08T19:36:33","slug":"about","status":"publish","type":"page","link":"https:\/\/velo.ius.lviv.ua\/de\/about\/","title":{"rendered":"Projekt"},"content":{"rendered":"<p><\/p>\n<h1 class=\"text-left dark-text\" style=\"font-family: Montserrat, sans-serif; font-size: 38px; line-height: 3.125rem; color: #3d3d3d; margin-top: 10px; margin-bottom: 15px; padding-left: 60px; text-align: center;\"><span style=\"font-family: Verdana, Geneva;\"><span style=\"font-weight: 400;\"><strong>Projekt <\/strong><\/span><\/span><\/h1>\n<p class=\"text-left dark-text\" style=\"font-family: Montserrat, sans-serif; font-size: 38px; line-height: 3.125rem; color: #3d3d3d; margin-top: 10px; margin-bottom: 15px; padding-left: 60px; text-align: center;\"><span style=\"font-family: Verdana, Geneva;\"><span style=\"font-weight: 400;\"><img loading=\"lazy\" decoding=\"async\" class=\"wp-image-12650 alignleft\" src=\"http:\/\/velo.ius.lviv.ua\/wp-content\/uploads\/sites\/2\/2019\/05\/61571271_880554668975591_2424201063667073024_n.jpg\" alt=\"Ein schwarzes Tandem-Fahrrad mit einem Banner, auf dem \u201eI see! I can! I will!\u201c in Ukrainisch aufgedruckt ist, steht auf einem Weg. Im Hintergrund ist ein Staudamm.\" width=\"400\" height=\"265\" \/><\/span><\/span><\/p>\n<p><span style=\"font-family: Verdana, Geneva;\">Der <strong>Velomarathon \u201cI see! I can! I will!\u201c<\/strong> ist eine Tandem-Fahrradtour f\u00fcr junge Erwachsene mit und ohne Sehbeeintr\u00e4chtigungen aus Deutschland, Polen und der Ukraine. Mit der Fahrradtour setzen wir ein Beispiel f\u00fcr Inklusion in der internationalen Jugendarbeit und sensibilisieren f\u00fcr eine barrierefreie gesellschaftliche Teilhabe aller Menschen. Wir wollen Stereotype gegen\u00fcber Menschen mit Beeintr\u00e4chtigungen aufbrechen, ungerechtfertigte Zuschreibungen von Eigenschaften beseitigen und die Gesellschaft ermutigen, einen Beitrag zur Vielfalt zu leisten.<\/span><\/p>\n<hr \/>\n<p>&nbsp;<\/p>\n<p><span style=\"font-family: Verdana, Geneva;\"><b><img loading=\"lazy\" decoding=\"async\" class=\"alignright wp-image-12649\" src=\"http:\/\/velo.ius.lviv.ua\/wp-content\/uploads\/sites\/2\/2019\/05\/61517764_430968424361306_6762320347061551104_n.jpg\" alt=\"Eine Frau und ein Mann streicheln zwei braune Esel. Die Menschen lachen. Der Mann hat eine Wasserflasche in seiner rechten Hand. Die Frau tr\u00e4gt eine Sonnenbrille.\" width=\"402\" height=\"266\" \/><\/b><\/span><\/p>\n<h2><span style=\"font-family: Verdana, Geneva;\"><b>Und das ist der Plan:<\/b><\/span><\/h2>\n<p><span style=\"font-family: Verdana, Geneva;\">\u2022 Teilnehmende mit und ohne Sehbeeintr\u00e4chtigungen aus den drei L\u00e4ndern zusammenbringen und sie dabei unterst\u00fctzen voneinander zu lernen.<\/span><br \/>\n<span style=\"font-family: Verdana, Geneva;\">\u2022 Einrichtungen im Bereich Tourismus, Bildung und Kultur entlang der Strecke besuchen.<\/span><br \/>\n<span style=\"font-family: Verdana, Geneva;\">\u2022 Ebendiese Einrichtungen auf die Zug\u00e4nglichkeit f\u00fcr Menschen mit Sehbeeintr\u00e4chtigungen hin zu \u00fcberpr\u00fcfen.<\/span><br \/>\n<span style=\"font-family: Verdana, Geneva;\">\u2022 Das Bewusstsein f\u00fcr Menschen mit Sehbeeintr\u00e4chtigungen in Gesellschaft und in Politik st\u00e4rken.<\/span><\/p>\n<p>[maxbutton id=&#8220;1&#8243; url=&#8220;https:\/\/drive.google.com\/open?id=11sPk3EDDX9euo-8MHCqZEKiyHsvgAs_h&#8220; text=&#8220;PDF Herunterladen&#8220; ]<\/p>","protected":false},"excerpt":{"rendered":"<p>Projekt Der Velomarathon \u201cI see! I can! I will!\u201c ist eine Tandem-Fahrradtour f\u00fcr junge Erwachsene mit und ohne Sehbeeintr\u00e4chtigungen aus Deutschland, Polen und der Ukraine. Mit der Fahrradtour setzen wir ein Beispiel f\u00fcr Inklusion in der internationalen Jugendarbeit und sensibilisieren f\u00fcr eine barrierefreie gesellschaftliche Teilhabe aller Menschen. Wir wollen Stereotype gegen\u00fcber Menschen mit Beeintr\u00e4chtigungen aufbrechen,<span class=\"read-more-wrap\"><a class=\"moretag\" href=\"https:\/\/velo.ius.lviv.ua\/de\/about\/\">Continue Reading <span class=\"screen-reader-text\">Projekt<\/span><\/a><\/span><\/p>\n","protected":false},"author":34,"featured_media":0,"parent":0,"menu_order":0,"comment_status":"closed","ping_status":"closed","template":"template-fullwidth-no-title.php","meta":{"_bbp_topic_count":0,"_bbp_reply_count":0,"_bbp_total_topic_count":0,"_bbp_total_reply_count":0,"_bbp_voice_count":0,"_bbp_anonymous_reply_count":0,"_bbp_topic_count_hidden":0,"_bbp_reply_count_hidden":0,"_bbp_forum_subforum_count":0,"footnotes":""},"class_list":["post-11936","page","type-page","status-publish","hentry"],"_links":{"self":[{"href":"https:\/\/velo.ius.lviv.ua\/de\/wp-json\/wp\/v2\/pages\/11936","targetHints":{"allow":["GET"]}}],"collection":[{"href":"https:\/\/velo.ius.lviv.ua\/de\/wp-json\/wp\/v2\/pages"}],"about":[{"href":"https:\/\/velo.ius.lviv.ua\/de\/wp-json\/wp\/v2\/types\/page"}],"author":[{"embeddable":true,"href":"https:\/\/velo.ius.lviv.ua\/de\/wp-json\/wp\/v2\/users\/34"}],"replies":[{"embeddable":true,"href":"https:\/\/velo.ius.lviv.ua\/de\/wp-json\/wp\/v2\/comments?post=11936"}],"version-history":[{"count":133,"href":"https:\/\/velo.ius.lviv.ua\/de\/wp-json\/wp\/v2\/pages\/11936\/revisions"}],"predecessor-version":[{"id":13365,"href":"https:\/\/velo.ius.lviv.ua\/de\/wp-json\/wp\/v2\/pages\/11936\/revisions\/13365"}],"wp:attachment":[{"href":"https:\/\/velo.ius.lviv.ua\/de\/wp-json\/wp\/v2\/media?parent=11936"}],"curies":[{"name":"wp","href":"https:\/\/api.w.org\/{rel}","templated":true}]}}