{"id":11879,"date":"2019-05-09T11:55:05","date_gmt":"2019-05-09T09:55:05","guid":{"rendered":"http:\/\/velo.ius.lviv.ua\/?page_id=11879"},"modified":"2019-09-08T21:35:14","modified_gmt":"2019-09-08T19:35:14","slug":"for-participants","status":"publish","type":"page","link":"https:\/\/velo.ius.lviv.ua\/pl\/for-participants\/","title":{"rendered":"Dla Uczestnik\u00f3w"},"content":{"rendered":"<p><\/p>\n<h1 class=\"text-left dark-text\" style=\"font-family: Montserrat, sans-serif; font-size: 38px; line-height: 3.125rem; color: #3d3d3d; margin-top: 10px; margin-bottom: 15px; text-align: center;\"><span style=\"font-family: Verdana, Geneva;\"><strong><span style=\"color: #000000; font-size: 24pt;\">Dla Uczestnik\u00f3w<br \/>\nZ\u0142\u00f3\u017c wniosek<\/span><\/strong><\/span><\/h1>\n<p style=\"text-align: center;\"><span style=\"font-family: Verdana, Geneva;\"><strong>Aby z\u0142o\u017cy\u0107 wniosek<\/strong><\/span><\/p>\n<p style=\"text-align: center;\">[maxbutton id=&#8221;1&#8243; url=&#8221;https:\/\/docs.google.com\/forms\/d\/e\/1FAIpQLSda22Ngq_tjyLwW5l1R2p2bu_tc1NpkaZJ4EQCjzuBtdTs-bQ\/viewform&#8221; text=&#8221;Wype\u0142nij Formularz dla ucz\u0119\u015bcia&#8221; ]<\/p>\n<hr \/>\n<h2 class=\"text-left dark-text\" style=\"font-family: Montserrat, sans-serif; font-size: 38px; line-height: 3.125rem; color: #3d3d3d; margin-top: 10px; margin-bottom: 15px; text-align: center;\"><span style=\"font-family: Verdana, Geneva;\"><strong><span style=\"color: #000000; font-size: 24pt;\">Poszukujemy<\/span><\/strong><\/span><\/h2>\n<p style=\"text-align: center;\"><span style=\"font-family: Verdana, Geneva; color: #333333;\"><strong>Poszukujemy 8 uczestnik\u00f3w z Polski: 4 osoby niewidome lub s\u0142abowidz\u0105ce, i 4 osoby bez zaburze\u0144 wzroku<\/strong><\/span><\/p>\n<p style=\"text-align: left;\"><span style=\"font-family: Verdana, Geneva; color: #000000;\"><img loading=\"lazy\" decoding=\"async\" class=\"alignleft wp-image-12136\" src=\"http:\/\/velo.ius.lviv.ua\/wp-content\/uploads\/sites\/2\/2019\/05\/EC3A7793.jpg\" alt=\"Kobieta i m\u0119\u017cczyzna stoj\u0105 przed tandemem. Kobieta opiera si\u0119 o m\u0119\u017cczyzn\u0119. M\u0119\u017cczyzna trzyma w r\u0119ku telefon i patrzy w ekran.\" width=\"401\" height=\"267\" \/><\/span><\/p>\n<h3 class=\"text-left dark-text\" style=\"font-family: Montserrat, sans-serif; font-size: 38px; line-height: 3.125rem; color: #3d3d3d; margin-top: 10px; margin-bottom: 15px; padding-left: 60px; text-align: left;\"><span style=\"font-family: Verdana, Geneva; color: #000000; font-size: 18pt;\">Kto mo\u017ce by\u0107 uczestnikiem:<\/span><\/h3>\n<ul>\n<li>osoby w wieku od 18 do 25<\/li>\n<li>obywatele Polski lub osoby stale zamieszkuj\u0105ce w Polsce<\/li>\n<li>osoby posiadaj\u0105cy wa\u017cny paszport<\/li>\n<\/ul>\n<hr \/>\n<h3 class=\"text-left dark-text\" style=\"font-family: Montserrat, sans-serif; font-size: 38px; line-height: 3.125rem; color: #3d3d3d; margin-top: 10px; margin-bottom: 15px; text-align: left;\"><span style=\"color: #000000; font-family: Verdana, Geneva;\"><span style=\"font-size: 18pt;\">Poni\u017csze umiej\u0119tno\u015bci b\u0119d\u0105 dodatkowym plusem:<\/span><span style=\"font-size: 18pt;\"><img loading=\"lazy\" decoding=\"async\" class=\"wp-image-11742 alignright\" src=\"http:\/\/velo.ius.lviv.ua\/wp-content\/uploads\/sites\/2\/2018\/07\/21167625_1369945306456202_6459868431430350297_o.jpg\" alt=\"\" width=\"401\" height=\"267\" \/><\/span><\/span><\/h3>\n<ul>\n<li>znajomo\u015b\u0107 j\u0119zyka angielskiego na poziomie podstawowym<\/li>\n<li>ciekawo\u015b\u0107 podr\u00f3\u017cy i ch\u0119\u0107 aktywnego sp\u0119dzania czasu, w tym jazdy na rowerze<\/li>\n<li>umiej\u0119tno\u015b\u0107 pracy w zespole i organizacji zaj\u0119\u0107 grupowych<\/li>\n<li>otwarto\u015b\u0107 i tolerancja wobec innych kultur<\/li>\n<\/ul>\n<p>Uwaga:\u00a0Pierwsze\u0144stwo b\u0119dzie przyznane osobom, kt\u00f3re chc\u0105 wzi\u0105\u0107 udzia\u0142 w ca\u0142ym rajdzie. Istnieje mo\u017cliwo\u015b\u0107 uczestnictwa w wybranych etapach rajdu<\/p>\n<hr \/>\n<h2 class=\"text-left dark-text\" style=\"font-family: Montserrat, sans-serif; font-size: 38px; line-height: 3.125rem; color: #3d3d3d; margin-top: 10px; margin-bottom: 15px; padding-left: 30px; text-align: center;\"><span style=\"font-family: Verdana, Geneva; color: #333333; font-size: 24pt;\">Op\u0142ata za udzia\u0142 w Maratonie Rowerowym wynosi 215 PLN<\/span><\/h2>\n<p><span style=\"font-weight: 400; font-family: Verdana, Geneva; color: #333333;\">Organizatorzy Maratonu Rowerowego pokrywaj\u0105 koszty zakwaterowania, wy\u017cywienia, zaj\u0119\u0107 grupowych oraz koszt transportu (w ramach ustalonego limitu). Zakwaterowanie w schroniskach m\u0142odzie\u017cowych i miejscach o podobnym standardzie.<\/span><\/p>\n<p style=\"text-align: center;\"><span style=\"color: #000000; font-family: Verdana, Geneva;\">[maxbutton id=&#8221;1&#8243; url=&#8221;http:\/\/drive.google.com\/file\/d\/1X0_i7T4lyDRkqVDuqVcLexVN6dmhdBPm\/view?usp=sharing&#8221; text=&#8221;Pobierz plik PDF o umowach ucz\u0119\u015bcia&#8221; ]<\/span><\/p>\n<p><\/p>","protected":false},"excerpt":{"rendered":"<p>Dla Uczestnik\u00f3w Z\u0142\u00f3\u017c wniosek Aby z\u0142o\u017cy\u0107 wniosek [maxbutton id=&#8221;1&#8243; url=&#8221;https:\/\/docs.google.com\/forms\/d\/e\/1FAIpQLSda22Ngq_tjyLwW5l1R2p2bu_tc1NpkaZJ4EQCjzuBtdTs-bQ\/viewform&#8221; text=&#8221;Wype\u0142nij Formularz dla ucz\u0119\u015bcia&#8221; ] Poszukujemy Poszukujemy 8 uczestnik\u00f3w z Polski: 4 osoby niewidome lub s\u0142abowidz\u0105ce, i 4 osoby bez zaburze\u0144 wzroku Kto mo\u017ce by\u0107 uczestnikiem: osoby w wieku od 18 do 25 obywatele Polski lub osoby stale zamieszkuj\u0105ce w Polsce osoby posiadaj\u0105cy wa\u017cny paszport<span class=\"read-more-wrap\"><a class=\"moretag\" href=\"https:\/\/velo.ius.lviv.ua\/pl\/for-participants\/\">Continue Reading <span class=\"screen-reader-text\">Dla Uczestnik\u00f3w<\/span><\/a><\/span><\/p>\n","protected":false},"author":34,"featured_media":0,"parent":0,"menu_order":0,"comment_status":"closed","ping_status":"closed","template":"template-fullwidth-no-title.php","meta":{"_bbp_topic_count":0,"_bbp_reply_count":0,"_bbp_total_topic_count":0,"_bbp_total_reply_count":0,"_bbp_voice_count":0,"_bbp_anonymous_reply_count":0,"_bbp_topic_count_hidden":0,"_bbp_reply_count_hidden":0,"_bbp_forum_subforum_count":0,"footnotes":""},"class_list":["post-11879","page","type-page","status-publish","hentry"],"_links":{"self":[{"href":"https:\/\/velo.ius.lviv.ua\/pl\/wp-json\/wp\/v2\/pages\/11879","targetHints":{"allow":["GET"]}}],"collection":[{"href":"https:\/\/velo.ius.lviv.ua\/pl\/wp-json\/wp\/v2\/pages"}],"about":[{"href":"https:\/\/velo.ius.lviv.ua\/pl\/wp-json\/wp\/v2\/types\/page"}],"author":[{"embeddable":true,"href":"https:\/\/velo.ius.lviv.ua\/pl\/wp-json\/wp\/v2\/users\/34"}],"replies":[{"embeddable":true,"href":"https:\/\/velo.ius.lviv.ua\/pl\/wp-json\/wp\/v2\/comments?post=11879"}],"version-history":[{"count":62,"href":"https:\/\/velo.ius.lviv.ua\/pl\/wp-json\/wp\/v2\/pages\/11879\/revisions"}],"predecessor-version":[{"id":13362,"href":"https:\/\/velo.ius.lviv.ua\/pl\/wp-json\/wp\/v2\/pages\/11879\/revisions\/13362"}],"wp:attachment":[{"href":"https:\/\/velo.ius.lviv.ua\/pl\/wp-json\/wp\/v2\/media?parent=11879"}],"curies":[{"name":"wp","href":"https:\/\/api.w.org\/{rel}","templated":true}]}}