{"id":11936,"date":"2019-05-09T14:51:27","date_gmt":"2019-05-09T12:51:27","guid":{"rendered":"http:\/\/velo.ius.lviv.ua\/?page_id=11936"},"modified":"2019-09-08T21:36:33","modified_gmt":"2019-09-08T19:36:33","slug":"about","status":"publish","type":"page","link":"https:\/\/velo.ius.lviv.ua\/pl\/about\/","title":{"rendered":"O Projekcie"},"content":{"rendered":"<p><\/p>\n<h1 style=\"text-align: center;\">O Projekcie<\/h1>\n<p class=\"text-left dark-text\"><span style=\"font-family: Verdana, Geneva;\"><img loading=\"lazy\" decoding=\"async\" class=\"alignleft wp-image-12650\" src=\"http:\/\/velo.ius.lviv.ua\/wp-content\/uploads\/sites\/2\/2019\/05\/61571271_880554668975591_2424201063667073024_n.jpg\" alt=\"Czarny tandem z zielon\u0105 flag\u0105 z napisem: &quot;Widz\u0119! Mog\u0119! Pomog\u0119!&quot; w j\u0119zyku ukrai\u0144skim stoi na piaszczystej \u015bcie\u017cce. W tle wida\u0107 rzek\u0119 i zapor\u0119 wodn\u0105\" width=\"400\" height=\"265\" \/><\/span><\/p>\n<p><span style=\"font-family: Verdana, Geneva;\"><strong>Mi\u0119dzynarodowy Maraton Rowerowy &#8222;Widz\u0119! Mog\u0119! Pomog\u0119!&#8221;<\/strong> to rajd tandemowy dla m\u0142odych os\u00f3b niewidomych, s\u0142abowidz\u0105cych oraz widz\u0105cych z Niemiec, Polski i Ukrainy. Pragniemy, \u017ceby Maratom Rowerowy sta\u0142 si\u0119 przyk\u0142adem solidarno\u015bci spo\u0142ecznej w sferze mi\u0119dzynarodowej pracy z m\u0142odzie\u017c\u0105 i promowa\u0142 aktywne uczestnictwo we wsp\u00f3lnym tworzeniu spo\u0142ecze\u0144stwa obywatelskiego. Chcemy prze\u0142amywa\u0107 stereotypy dotycz\u0105ce os\u00f3b niepe\u0142nosprawnych, zapobiega\u0107 stygmatyzacji oraz zach\u0119ca\u0107 spo\u0142ecze\u0144stwo i spo\u0142eczno\u015bci lokalne do akceptacji odmienno\u015bci.<\/span><\/p>\n<p>&nbsp;<\/p>\n<hr \/>\n<h2><strong><span style=\"font-family: Verdana, Geneva;\"><b>Co chcemy osi\u0105gn\u0105\u0107:<\/b><\/span><\/strong><\/h2>\n<p><span style=\"font-family: Verdana, Geneva;\"><img loading=\"lazy\" decoding=\"async\" class=\"alignright wp-image-12649\" src=\"http:\/\/velo.ius.lviv.ua\/wp-content\/uploads\/sites\/2\/2019\/05\/61517764_430968424361306_6762320347061551104_n.jpg\" alt=\"Kobieta i m\u0119\u017cczyzna g\u0142aszcz\u0105 dwa br\u0105zowe os\u0142y. U\u015bmiechaj\u0105 si\u0119. M\u0119\u017cczyzna trzyma butelk\u0119 z wod\u0105 w prawej r\u0119ce. Kobieta nosi okulary przeciws\u0142oneczne.\" width=\"402\" height=\"266\" \/><\/span><\/p>\n<ul>\n<li><span style=\"font-family: Verdana, Geneva;\">Stwarzamy \u015brodowisko dla wsp\u00f3lnego kontaktu os\u00f3b z uszkodzeniami wzroku oraz widz\u0105cych z trzech kraj\u00f3w uczestnicz\u0105cych w projekcie, kt\u00f3re b\u0119dzie sprzyja\u0142o wymianie do\u015bwiadcze\u0144 i stwarza\u0142o mo\u017cliwo\u015b\u0107 uczenia si\u0119 od siebie nawzajem.<\/span><\/li>\n<li><span style=\"font-family: Verdana, Geneva;\">Podkre\u015blamy znaczenie edukacji nieformalnej, obejmuj\u0105cej osoby z r\u00f3\u017cnych \u015brodowisk, na szczeblu mi\u0119dzynarodowym.<\/span><\/li>\n<li><span style=\"font-family: Verdana, Geneva;\">Zwiedzimy r\u00f3\u017cnorodne atrakcje turystyczne, a tak\u017ce odwiedzimy instytucje zwi\u0105zane z szerzeniem o\u015bwiaty i promowaniem kultury, kt\u00f3re napotkamy na trasie rajdu.<\/span><\/li>\n<li><span style=\"font-family: Verdana, Geneva;\">Przeanalizujemy dost\u0119pno\u015b\u0107 tych miejsc dla os\u00f3b niewidomych, niedowidz\u0105cych i s\u0142abowidz\u0105cych.<\/span><\/li>\n<li><span style=\"font-family: Verdana, Geneva;\">B\u0119dziemy promowa\u0107 idee solidarno\u015bci spo\u0142ecznej i uwra\u017cliwia\u0107 lokalne w\u0142adze na potrzeby os\u00f3b dotkni\u0119tymi schorzeniami narz\u0105du wzroku.<\/span><\/li>\n<\/ul>\n<p>[maxbutton id=&#8221;1&#8243; url=&#8221;https:\/\/drive.google.com\/open?id=1LxeVgMfwvzkCPNYcaDl_Z9Lw_JrDrwHd&#8221; text=&#8221;Pobierz PDF o maratonie rowerowym&#8221; ]<\/p>","protected":false},"excerpt":{"rendered":"<p>O Projekcie Mi\u0119dzynarodowy Maraton Rowerowy &#8222;Widz\u0119! Mog\u0119! Pomog\u0119!&#8221; to rajd tandemowy dla m\u0142odych os\u00f3b niewidomych, s\u0142abowidz\u0105cych oraz widz\u0105cych z Niemiec, Polski i Ukrainy. Pragniemy, \u017ceby Maratom Rowerowy sta\u0142 si\u0119 przyk\u0142adem solidarno\u015bci spo\u0142ecznej w sferze mi\u0119dzynarodowej pracy z m\u0142odzie\u017c\u0105 i promowa\u0142 aktywne uczestnictwo we wsp\u00f3lnym tworzeniu spo\u0142ecze\u0144stwa obywatelskiego. Chcemy prze\u0142amywa\u0107 stereotypy dotycz\u0105ce os\u00f3b niepe\u0142nosprawnych, zapobiega\u0107 stygmatyzacji<span class=\"read-more-wrap\"><a class=\"moretag\" href=\"https:\/\/velo.ius.lviv.ua\/pl\/about\/\">Continue Reading <span class=\"screen-reader-text\">O Projekcie<\/span><\/a><\/span><\/p>\n","protected":false},"author":34,"featured_media":0,"parent":0,"menu_order":0,"comment_status":"closed","ping_status":"closed","template":"template-fullwidth-no-title.php","meta":{"_bbp_topic_count":0,"_bbp_reply_count":0,"_bbp_total_topic_count":0,"_bbp_total_reply_count":0,"_bbp_voice_count":0,"_bbp_anonymous_reply_count":0,"_bbp_topic_count_hidden":0,"_bbp_reply_count_hidden":0,"_bbp_forum_subforum_count":0,"footnotes":""},"class_list":["post-11936","page","type-page","status-publish","hentry"],"_links":{"self":[{"href":"https:\/\/velo.ius.lviv.ua\/pl\/wp-json\/wp\/v2\/pages\/11936","targetHints":{"allow":["GET"]}}],"collection":[{"href":"https:\/\/velo.ius.lviv.ua\/pl\/wp-json\/wp\/v2\/pages"}],"about":[{"href":"https:\/\/velo.ius.lviv.ua\/pl\/wp-json\/wp\/v2\/types\/page"}],"author":[{"embeddable":true,"href":"https:\/\/velo.ius.lviv.ua\/pl\/wp-json\/wp\/v2\/users\/34"}],"replies":[{"embeddable":true,"href":"https:\/\/velo.ius.lviv.ua\/pl\/wp-json\/wp\/v2\/comments?post=11936"}],"version-history":[{"count":133,"href":"https:\/\/velo.ius.lviv.ua\/pl\/wp-json\/wp\/v2\/pages\/11936\/revisions"}],"predecessor-version":[{"id":13365,"href":"https:\/\/velo.ius.lviv.ua\/pl\/wp-json\/wp\/v2\/pages\/11936\/revisions\/13365"}],"wp:attachment":[{"href":"https:\/\/velo.ius.lviv.ua\/pl\/wp-json\/wp\/v2\/media?parent=11936"}],"curies":[{"name":"wp","href":"https:\/\/api.w.org\/{rel}","templated":true}]}}